{"id":45,"date":"2025-02-04T13:25:22","date_gmt":"2025-02-04T13:25:22","guid":{"rendered":"https:\/\/trio-hoteli.com\/contact\/"},"modified":"2025-02-04T13:25:22","modified_gmt":"2025-02-04T13:25:22","slug":"contact","status":"publish","type":"page","link":"https:\/\/trio-hoteli.com\/ro\/contact\/","title":{"rendered":"Contact"},"content":{"rendered":"<p>V\u0103 mul\u021bumim pentru interesul acordat <strong>TrioHoteli<\/strong>. Ave\u021bi \u00eentreb\u0103ri despre articolele, produsele sau serviciile noastre? Suntem gata s\u0103 v\u0103 ajut\u0103m. Ne pute\u021bi contacta folosind datele de contact de mai jos sau ne pute\u021bi trimite un mesaj prin intermediul formularului de contact.\n    <\/p>\n<h2>Trimite\u021bi-ne un mesaj<\/h2>\n<form action=\"\/ro\/submit\/\" method=\"post\" data-trp-original-action=\"\/submit\">\n        <label for=\"naam\">Nume:<\/label><br \/>\n        <input type=\"text\" id=\"naam\" name=\"naam\" required><\/p>\n<p>        <label for=\"email\">Adresa de e-mail:<\/label><br \/>\n        <input type=\"email\" id=\"email\" name=\"email\" required><\/p>\n<p>        <label for=\"onderwerp\">Subiect:<\/label><br \/>\n        <input type=\"text\" id=\"onderwerp\" name=\"onderwerp\" required><\/p>\n<p>        <label for=\"bericht\">Mesaj:<\/label><br \/>\n        <textarea id=\"bericht\" name=\"bericht\" rows=\"5\" required><\/textarea><\/p>\n<p>        <button type=\"submit\">Trimite<\/button><br \/>\n    <input type=\"hidden\" name=\"trp-form-language\" value=\"ro\"\/><\/form>","protected":false},"excerpt":{"rendered":"<p>Bedankt voor uw interesse in TrioHoteli. Heeft u vragen over onze artikelen, producten of diensten? Wij staan klaar om u&#46;&#46;&#46;<\/p>","protected":false},"author":1,"featured_media":0,"parent":0,"menu_order":0,"comment_status":"closed","ping_status":"closed","template":"","meta":{"_acf_changed":false,"footnotes":""},"class_list":["post-45","page","type-page","status-publish","hentry"],"acf":[],"yoast_head":"<!-- This site is optimized with the Yoast SEO plugin v23.2 - https:\/\/yoast.com\/wordpress\/plugins\/seo\/ -->\n<title>Contact - trio-hoteli.com<\/title>\n<meta name=\"description\" content=\"Neem contact op met TrioHoteli voor vragen over onze artikelen, producten of diensten. We helpen je graag verder via e-mail of ons formulier.\" \/>\n<meta name=\"robots\" content=\"index, follow, max-snippet:-1, max-image-preview:large, max-video-preview:-1\" \/>\n<link rel=\"canonical\" href=\"https:\/\/trio-hoteli.com\/ro\/contact\/\" \/>\n<meta property=\"og:locale\" content=\"ro_RO\" \/>\n<meta property=\"og:type\" content=\"article\" \/>\n<meta property=\"og:title\" content=\"Contact - trio-hoteli.com\" \/>\n<meta property=\"og:description\" content=\"Neem contact op met TrioHoteli voor vragen over onze artikelen, producten of diensten. We helpen je graag verder via e-mail of ons formulier.\" \/>\n<meta property=\"og:url\" content=\"https:\/\/trio-hoteli.com\/ro\/contact\/\" \/>\n<meta property=\"og:site_name\" content=\"trio-hoteli.com\" \/>\n<meta name=\"twitter:card\" content=\"summary_large_image\" \/>\n<script type=\"application\/ld+json\" class=\"yoast-schema-graph\">{\"@context\":\"https:\/\/schema.org\",\"@graph\":[{\"@type\":\"WebPage\",\"@id\":\"https:\/\/trio-hoteli.com\/contact\/\",\"url\":\"https:\/\/trio-hoteli.com\/contact\/\",\"name\":\"Contact - trio-hoteli.com\",\"isPartOf\":{\"@id\":\"https:\/\/trio-hoteli.com\/#website\"},\"datePublished\":\"2025-02-04T13:25:22+00:00\",\"dateModified\":\"2025-02-04T13:25:22+00:00\",\"description\":\"Neem contact op met TrioHoteli voor vragen over onze artikelen, producten of diensten. We helpen je graag verder via e-mail of ons formulier.\",\"breadcrumb\":{\"@id\":\"https:\/\/trio-hoteli.com\/contact\/#breadcrumb\"},\"inLanguage\":\"ro-RO\",\"potentialAction\":[{\"@type\":\"ReadAction\",\"target\":[\"https:\/\/trio-hoteli.com\/contact\/\"]}]},{\"@type\":\"BreadcrumbList\",\"@id\":\"https:\/\/trio-hoteli.com\/contact\/#breadcrumb\",\"itemListElement\":[{\"@type\":\"ListItem\",\"position\":1,\"name\":\"Home\",\"item\":\"https:\/\/trio-hoteli.com\/\"},{\"@type\":\"ListItem\",\"position\":2,\"name\":\"Contact\"}]},{\"@type\":\"WebSite\",\"@id\":\"https:\/\/trio-hoteli.com\/#website\",\"url\":\"https:\/\/trio-hoteli.com\/\",\"name\":\"trio-hoteli.com\",\"description\":\"Stijlvolle mode-inspiratie voor jou\",\"potentialAction\":[{\"@type\":\"SearchAction\",\"target\":{\"@type\":\"EntryPoint\",\"urlTemplate\":\"https:\/\/trio-hoteli.com\/?s={search_term_string}\"},\"query-input\":\"required name=search_term_string\"}],\"inLanguage\":\"ro-RO\"}]}<\/script>\n<!-- \/ Yoast SEO plugin. -->","yoast_head_json":{"title":"Contact - trio-hoteli.com","description":"Neem contact op met TrioHoteli voor vragen over onze artikelen, producten of diensten. We helpen je graag verder via e-mail of ons formulier.","robots":{"index":"index","follow":"follow","max-snippet":"max-snippet:-1","max-image-preview":"max-image-preview:large","max-video-preview":"max-video-preview:-1"},"canonical":"https:\/\/trio-hoteli.com\/ro\/contact\/","og_locale":"ro_RO","og_type":"article","og_title":"Contact - trio-hoteli.com","og_description":"Neem contact op met TrioHoteli voor vragen over onze artikelen, producten of diensten. We helpen je graag verder via e-mail of ons formulier.","og_url":"https:\/\/trio-hoteli.com\/ro\/contact\/","og_site_name":"trio-hoteli.com","twitter_card":"summary_large_image","schema":{"@context":"https:\/\/schema.org","@graph":[{"@type":"WebPage","@id":"https:\/\/trio-hoteli.com\/contact\/","url":"https:\/\/trio-hoteli.com\/contact\/","name":"Contact - trio-hoteli.com","isPartOf":{"@id":"https:\/\/trio-hoteli.com\/#website"},"datePublished":"2025-02-04T13:25:22+00:00","dateModified":"2025-02-04T13:25:22+00:00","description":"Neem contact op met TrioHoteli voor vragen over onze artikelen, producten of diensten. We helpen je graag verder via e-mail of ons formulier.","breadcrumb":{"@id":"https:\/\/trio-hoteli.com\/contact\/#breadcrumb"},"inLanguage":"ro-RO","potentialAction":[{"@type":"ReadAction","target":["https:\/\/trio-hoteli.com\/contact\/"]}]},{"@type":"BreadcrumbList","@id":"https:\/\/trio-hoteli.com\/contact\/#breadcrumb","itemListElement":[{"@type":"ListItem","position":1,"name":"Home","item":"https:\/\/trio-hoteli.com\/"},{"@type":"ListItem","position":2,"name":"Contact"}]},{"@type":"WebSite","@id":"https:\/\/trio-hoteli.com\/#website","url":"https:\/\/trio-hoteli.com\/","name":"trio-hoteli.com","description":"Stijlvolle mode-inspiratie voor jou","potentialAction":[{"@type":"SearchAction","target":{"@type":"EntryPoint","urlTemplate":"https:\/\/trio-hoteli.com\/?s={search_term_string}"},"query-input":"required name=search_term_string"}],"inLanguage":"ro-RO"}]}},"yoast_meta":{"yoast_wpseo_title":"","yoast_wpseo_metadesc":"","yoast_wpseo_canonical":"https:\/\/trio-hoteli.com\/ro\/wp-json\/wp\/v2\/pages\/45"},"_links":{"self":[{"href":"https:\/\/trio-hoteli.com\/ro\/wp-json\/wp\/v2\/pages\/45","targetHints":{"allow":["GET"]}}],"collection":[{"href":"https:\/\/trio-hoteli.com\/ro\/wp-json\/wp\/v2\/pages"}],"about":[{"href":"https:\/\/trio-hoteli.com\/ro\/wp-json\/wp\/v2\/types\/page"}],"author":[{"embeddable":true,"href":"https:\/\/trio-hoteli.com\/ro\/wp-json\/wp\/v2\/users\/1"}],"replies":[{"embeddable":true,"href":"https:\/\/trio-hoteli.com\/ro\/wp-json\/wp\/v2\/comments?post=45"}],"version-history":[{"count":0,"href":"https:\/\/trio-hoteli.com\/ro\/wp-json\/wp\/v2\/pages\/45\/revisions"}],"wp:attachment":[{"href":"https:\/\/trio-hoteli.com\/ro\/wp-json\/wp\/v2\/media?parent=45"}],"curies":[{"name":"wp","href":"https:\/\/api.w.org\/{rel}","templated":true}]}}