{"id":44,"date":"2025-02-04T13:25:19","date_gmt":"2025-02-04T13:25:19","guid":{"rendered":"https:\/\/trio-hoteli.com\/over-het-bedrijf\/"},"modified":"2025-02-04T15:21:50","modified_gmt":"2025-02-04T15:21:50","slug":"over-het-bedrijf","status":"publish","type":"page","link":"https:\/\/trio-hoteli.com\/ro\/over-het-bedrijf\/","title":{"rendered":"Despre companie"},"content":{"rendered":"<p>Bine a\u021bi venit pe blogul nostru de mod\u0103! Aici \u00eemp\u0103rt\u0103\u0219im cele mai recente tendin\u021be, sfaturi de stil \u0219i sfaturi despre mod\u0103 pentru a te ajuta s\u0103 creezi \u021binutele perfecte. Indiferent dac\u0103 sunte\u021bi \u00een c\u0103utarea unor \u021binute de zi cu zi, a unor ocazii speciale sau a celor mai recente influen\u021be ale modei, oferim inspira\u021bie \u0219i informa\u021bii pentru fiecare persoan\u0103 pasionat\u0103 de mod\u0103.<\/p>\n<p>Echipa noastr\u0103 de exper\u021bi \u00een mod\u0103 v\u0103 asigur\u0103 c\u0103 sunte\u021bi mereu la curent cu cele mai recente evolu\u021bii din lumea modei. Ne propunem s\u0103 te ajut\u0103m s\u0103 faci alegerile corecte, fie c\u0103 este vorba de men\u021binerea garderobei la zi sau de descoperirea de noi tendin\u021be.<\/p>\n<p><img loading=\"lazy\" decoding=\"async\" class=\"aligncenter wp-image-43 size-full\" src=\"https:\/\/trio-hoteli.com\/wp-content\/uploads\/modnaya-odezhda-na-veshalkah-na-stellazhe-garderoba.jpg\" alt=\"\" width=\"612\" height=\"408\" srcset=\"https:\/\/trio-hoteli.com\/wp-content\/uploads\/modnaya-odezhda-na-veshalkah-na-stellazhe-garderoba.jpg 612w, https:\/\/trio-hoteli.com\/wp-content\/uploads\/modnaya-odezhda-na-veshalkah-na-stellazhe-garderoba-300x200.jpg 300w\" sizes=\"auto, (max-width: 612px) 100vw, 612px\" \/><\/p>\n<h2>La ce v\u0103 pute\u021bi a\u0219tepta:<\/h2>\n<ul>\n<li>Cele mai recente tendin\u021be \u00een mod\u0103 \u0219i stil<\/li>\n<li>Sfaturi pentru combinarea hainelor \u0219i accesoriilor<\/li>\n<li>Sfaturi de mod\u0103 pentru diferite ocazii<\/li>\n<li>Ghiduri pentru cump\u0103r\u0103turi atente la mod\u0103<\/li>\n<li>Inspira\u021bie de pe podiumuri \u0219i celebrit\u0103\u021bi<\/li>\n<\/ul>","protected":false},"excerpt":{"rendered":"<p>Welkom bij ons modeblog! Hier delen we de nieuwste trends, stylingadvies en modetips om je te helpen de perfecte looks&#46;&#46;&#46;<\/p>","protected":false},"author":1,"featured_media":0,"parent":0,"menu_order":0,"comment_status":"closed","ping_status":"closed","template":"","meta":{"_acf_changed":false,"footnotes":""},"class_list":["post-44","page","type-page","status-publish","hentry"],"acf":[],"yoast_head":"<!-- This site is optimized with the Yoast SEO plugin v23.2 - https:\/\/yoast.com\/wordpress\/plugins\/seo\/ -->\n<title>Over het bedrijf - trio-hoteli.com<\/title>\n<meta name=\"description\" content=\"Ontdek de laatste mode, trends en stylingadvies op ons blog. Lees over kleding, accessoires en alles wat je moet weten over mode\" \/>\n<meta name=\"robots\" content=\"index, follow, max-snippet:-1, max-image-preview:large, max-video-preview:-1\" \/>\n<link rel=\"canonical\" href=\"https:\/\/trio-hoteli.com\/ro\/over-het-bedrijf\/\" \/>\n<meta property=\"og:locale\" content=\"ro_RO\" \/>\n<meta property=\"og:type\" content=\"article\" \/>\n<meta property=\"og:title\" content=\"Over het bedrijf - trio-hoteli.com\" \/>\n<meta property=\"og:description\" content=\"Ontdek de laatste mode, trends en stylingadvies op ons blog. Lees over kleding, accessoires en alles wat je moet weten over mode\" \/>\n<meta property=\"og:url\" content=\"https:\/\/trio-hoteli.com\/ro\/over-het-bedrijf\/\" \/>\n<meta property=\"og:site_name\" content=\"trio-hoteli.com\" \/>\n<meta property=\"article:modified_time\" content=\"2025-02-04T15:21:50+00:00\" \/>\n<meta property=\"og:image\" content=\"https:\/\/trio-hoteli.com\/wp-content\/uploads\/modnaya-odezhda-na-veshalkah-na-stellazhe-garderoba.jpg\" \/>\n<meta name=\"twitter:card\" content=\"summary_large_image\" \/>\n<meta name=\"twitter:label1\" content=\"Timp estimat pentru citire\" \/>\n\t<meta name=\"twitter:data1\" content=\"2 minute\" \/>\n<script type=\"application\/ld+json\" class=\"yoast-schema-graph\">{\"@context\":\"https:\/\/schema.org\",\"@graph\":[{\"@type\":\"WebPage\",\"@id\":\"https:\/\/trio-hoteli.com\/over-het-bedrijf\/\",\"url\":\"https:\/\/trio-hoteli.com\/over-het-bedrijf\/\",\"name\":\"Over het bedrijf - trio-hoteli.com\",\"isPartOf\":{\"@id\":\"https:\/\/trio-hoteli.com\/#website\"},\"primaryImageOfPage\":{\"@id\":\"https:\/\/trio-hoteli.com\/over-het-bedrijf\/#primaryimage\"},\"image\":{\"@id\":\"https:\/\/trio-hoteli.com\/over-het-bedrijf\/#primaryimage\"},\"thumbnailUrl\":\"https:\/\/trio-hoteli.com\/wp-content\/uploads\/modnaya-odezhda-na-veshalkah-na-stellazhe-garderoba.jpg\",\"datePublished\":\"2025-02-04T13:25:19+00:00\",\"dateModified\":\"2025-02-04T15:21:50+00:00\",\"description\":\"Ontdek de laatste mode, trends en stylingadvies op ons blog. Lees over kleding, accessoires en alles wat je moet weten over mode\",\"breadcrumb\":{\"@id\":\"https:\/\/trio-hoteli.com\/over-het-bedrijf\/#breadcrumb\"},\"inLanguage\":\"ro-RO\",\"potentialAction\":[{\"@type\":\"ReadAction\",\"target\":[\"https:\/\/trio-hoteli.com\/over-het-bedrijf\/\"]}]},{\"@type\":\"ImageObject\",\"inLanguage\":\"ro-RO\",\"@id\":\"https:\/\/trio-hoteli.com\/over-het-bedrijf\/#primaryimage\",\"url\":\"https:\/\/trio-hoteli.com\/wp-content\/uploads\/modnaya-odezhda-na-veshalkah-na-stellazhe-garderoba.jpg\",\"contentUrl\":\"https:\/\/trio-hoteli.com\/wp-content\/uploads\/modnaya-odezhda-na-veshalkah-na-stellazhe-garderoba.jpg\"},{\"@type\":\"BreadcrumbList\",\"@id\":\"https:\/\/trio-hoteli.com\/over-het-bedrijf\/#breadcrumb\",\"itemListElement\":[{\"@type\":\"ListItem\",\"position\":1,\"name\":\"Home\",\"item\":\"https:\/\/trio-hoteli.com\/\"},{\"@type\":\"ListItem\",\"position\":2,\"name\":\"Over het bedrijf\"}]},{\"@type\":\"WebSite\",\"@id\":\"https:\/\/trio-hoteli.com\/#website\",\"url\":\"https:\/\/trio-hoteli.com\/\",\"name\":\"trio-hoteli.com\",\"description\":\"Stijlvolle mode-inspiratie voor jou\",\"potentialAction\":[{\"@type\":\"SearchAction\",\"target\":{\"@type\":\"EntryPoint\",\"urlTemplate\":\"https:\/\/trio-hoteli.com\/?s={search_term_string}\"},\"query-input\":\"required name=search_term_string\"}],\"inLanguage\":\"ro-RO\"}]}<\/script>\n<!-- \/ Yoast SEO plugin. -->","yoast_head_json":{"title":"Over het bedrijf - trio-hoteli.com","description":"Ontdek de laatste mode, trends en stylingadvies op ons blog. Lees over kleding, accessoires en alles wat je moet weten over mode","robots":{"index":"index","follow":"follow","max-snippet":"max-snippet:-1","max-image-preview":"max-image-preview:large","max-video-preview":"max-video-preview:-1"},"canonical":"https:\/\/trio-hoteli.com\/ro\/over-het-bedrijf\/","og_locale":"ro_RO","og_type":"article","og_title":"Over het bedrijf - trio-hoteli.com","og_description":"Ontdek de laatste mode, trends en stylingadvies op ons blog. Lees over kleding, accessoires en alles wat je moet weten over mode","og_url":"https:\/\/trio-hoteli.com\/ro\/over-het-bedrijf\/","og_site_name":"trio-hoteli.com","article_modified_time":"2025-02-04T15:21:50+00:00","og_image":[{"url":"https:\/\/trio-hoteli.com\/wp-content\/uploads\/modnaya-odezhda-na-veshalkah-na-stellazhe-garderoba.jpg"}],"twitter_card":"summary_large_image","twitter_misc":{"Timp estimat pentru citire":"2 minute"},"schema":{"@context":"https:\/\/schema.org","@graph":[{"@type":"WebPage","@id":"https:\/\/trio-hoteli.com\/over-het-bedrijf\/","url":"https:\/\/trio-hoteli.com\/over-het-bedrijf\/","name":"Over het bedrijf - trio-hoteli.com","isPartOf":{"@id":"https:\/\/trio-hoteli.com\/#website"},"primaryImageOfPage":{"@id":"https:\/\/trio-hoteli.com\/over-het-bedrijf\/#primaryimage"},"image":{"@id":"https:\/\/trio-hoteli.com\/over-het-bedrijf\/#primaryimage"},"thumbnailUrl":"https:\/\/trio-hoteli.com\/wp-content\/uploads\/modnaya-odezhda-na-veshalkah-na-stellazhe-garderoba.jpg","datePublished":"2025-02-04T13:25:19+00:00","dateModified":"2025-02-04T15:21:50+00:00","description":"Ontdek de laatste mode, trends en stylingadvies op ons blog. Lees over kleding, accessoires en alles wat je moet weten over mode","breadcrumb":{"@id":"https:\/\/trio-hoteli.com\/over-het-bedrijf\/#breadcrumb"},"inLanguage":"ro-RO","potentialAction":[{"@type":"ReadAction","target":["https:\/\/trio-hoteli.com\/over-het-bedrijf\/"]}]},{"@type":"ImageObject","inLanguage":"ro-RO","@id":"https:\/\/trio-hoteli.com\/over-het-bedrijf\/#primaryimage","url":"https:\/\/trio-hoteli.com\/wp-content\/uploads\/modnaya-odezhda-na-veshalkah-na-stellazhe-garderoba.jpg","contentUrl":"https:\/\/trio-hoteli.com\/wp-content\/uploads\/modnaya-odezhda-na-veshalkah-na-stellazhe-garderoba.jpg"},{"@type":"BreadcrumbList","@id":"https:\/\/trio-hoteli.com\/over-het-bedrijf\/#breadcrumb","itemListElement":[{"@type":"ListItem","position":1,"name":"Home","item":"https:\/\/trio-hoteli.com\/"},{"@type":"ListItem","position":2,"name":"Over het bedrijf"}]},{"@type":"WebSite","@id":"https:\/\/trio-hoteli.com\/#website","url":"https:\/\/trio-hoteli.com\/","name":"trio-hoteli.com","description":"Stijlvolle mode-inspiratie voor jou","potentialAction":[{"@type":"SearchAction","target":{"@type":"EntryPoint","urlTemplate":"https:\/\/trio-hoteli.com\/?s={search_term_string}"},"query-input":"required name=search_term_string"}],"inLanguage":"ro-RO"}]}},"yoast_meta":{"yoast_wpseo_title":"","yoast_wpseo_metadesc":"","yoast_wpseo_canonical":"https:\/\/trio-hoteli.com\/ro\/wp-json\/wp\/v2\/pages\/44"},"_links":{"self":[{"href":"https:\/\/trio-hoteli.com\/ro\/wp-json\/wp\/v2\/pages\/44","targetHints":{"allow":["GET"]}}],"collection":[{"href":"https:\/\/trio-hoteli.com\/ro\/wp-json\/wp\/v2\/pages"}],"about":[{"href":"https:\/\/trio-hoteli.com\/ro\/wp-json\/wp\/v2\/types\/page"}],"author":[{"embeddable":true,"href":"https:\/\/trio-hoteli.com\/ro\/wp-json\/wp\/v2\/users\/1"}],"replies":[{"embeddable":true,"href":"https:\/\/trio-hoteli.com\/ro\/wp-json\/wp\/v2\/comments?post=44"}],"version-history":[{"count":1,"href":"https:\/\/trio-hoteli.com\/ro\/wp-json\/wp\/v2\/pages\/44\/revisions"}],"predecessor-version":[{"id":52,"href":"https:\/\/trio-hoteli.com\/ro\/wp-json\/wp\/v2\/pages\/44\/revisions\/52"}],"wp:attachment":[{"href":"https:\/\/trio-hoteli.com\/ro\/wp-json\/wp\/v2\/media?parent=44"}],"curies":[{"name":"wp","href":"https:\/\/api.w.org\/{rel}","templated":true}]}}